{"id":265,"date":"2019-07-07T20:38:45","date_gmt":"2019-07-07T18:38:45","guid":{"rendered":"http:\/\/ff-endorf.de\/?page_id=265"},"modified":"2023-09-15T12:23:50","modified_gmt":"2023-09-15T10:23:50","slug":"mitgliedschaft","status":"publish","type":"page","link":"https:\/\/ff-endorf.de\/?page_id=265","title":{"rendered":"Mitgliedschaft"},"content":{"rendered":"\n<p>Neue Mitglieder sind jederzeit herzlich willkommen.<\/p>\n\n\n\n<p>Egal ob passiv oder aktiv.<\/p>\n\n\n\n<p>F\u00fcr eine Mitgliedschaft bitte den entsprechenden Antrag ausf\u00fcllen und abgeben,<\/p>\n\n\n\n<p>oder einfach mal zu einer der \u00dcbungen am Ger\u00e4tehaus vorbeischauen.<\/p>\n\n\n\n<div class=\"wp-block-file\"><a id=\"wp-block-file--media-33bdf709-3164-4232-92db-a0d5ca900118\" href=\"https:\/\/www.ff-endorf.de\/wp-content\/uploads\/2019\/07\/Aufnahmeantrag_FF-Endorf.docx\">Aufnahmeantrag_FF-Endorf<\/a><a href=\"https:\/\/www.ff-endorf.de\/wp-content\/uploads\/2019\/07\/Aufnahmeantrag_FF-Endorf.docx\" class=\"wp-block-file__button wp-element-button\" download aria-describedby=\"wp-block-file--media-33bdf709-3164-4232-92db-a0d5ca900118\">Herunterladen<\/a><\/div>\n","protected":false},"excerpt":{"rendered":"<p>Neue Mitglieder sind jederzeit herzlich willkommen. Egal ob passiv oder aktiv. F\u00fcr eine Mitgliedschaft bitte den entsprechenden Antrag ausf\u00fcllen und abgeben, oder einfach mal zu einer der \u00dcbungen am Ger\u00e4tehaus vorbeischauen.<\/p>\n","protected":false},"author":2,"featured_media":0,"parent":0,"menu_order":0,"comment_status":"closed","ping_status":"closed","template":"onecolumn-page.php","meta":{"footnotes":""},"class_list":["post-265","page","type-page","status-publish","hentry"],"_links":{"self":[{"href":"https:\/\/ff-endorf.de\/index.php?rest_route=\/wp\/v2\/pages\/265","targetHints":{"allow":["GET"]}}],"collection":[{"href":"https:\/\/ff-endorf.de\/index.php?rest_route=\/wp\/v2\/pages"}],"about":[{"href":"https:\/\/ff-endorf.de\/index.php?rest_route=\/wp\/v2\/types\/page"}],"author":[{"embeddable":true,"href":"https:\/\/ff-endorf.de\/index.php?rest_route=\/wp\/v2\/users\/2"}],"replies":[{"embeddable":true,"href":"https:\/\/ff-endorf.de\/index.php?rest_route=%2Fwp%2Fv2%2Fcomments&post=265"}],"version-history":[{"count":4,"href":"https:\/\/ff-endorf.de\/index.php?rest_route=\/wp\/v2\/pages\/265\/revisions"}],"predecessor-version":[{"id":623,"href":"https:\/\/ff-endorf.de\/index.php?rest_route=\/wp\/v2\/pages\/265\/revisions\/623"}],"wp:attachment":[{"href":"https:\/\/ff-endorf.de\/index.php?rest_route=%2Fwp%2Fv2%2Fmedia&parent=265"}],"curies":[{"name":"wp","href":"https:\/\/api.w.org\/{rel}","templated":true}]}}